{"id":447,"date":"2023-01-03T14:45:53","date_gmt":"2023-01-03T13:45:53","guid":{"rendered":"https:\/\/riprendiamociilcomune.it\/?page_id=447"},"modified":"2023-04-03T16:43:16","modified_gmt":"2023-04-03T14:43:16","slug":"reti-e-realta-nazionali-o-regionali","status":"publish","type":"page","link":"https:\/\/riprendiamociilcomune.it\/index.php\/reti-e-realta-nazionali-o-regionali\/","title":{"rendered":"reti e realt\u00e0 nazionali o regionali"},"content":{"rendered":"\t\t<div data-elementor-type=\"wp-page\" data-elementor-id=\"447\" class=\"elementor elementor-447\" data-elementor-settings=\"{&quot;ha_cmc_init_switcher&quot;:&quot;no&quot;}\">\n\t\t\t\t\t\t<section class=\"elementor-section elementor-top-section elementor-element elementor-element-e4663ae elementor-section-boxed elementor-section-height-default elementor-section-height-default wpr-particle-no wpr-jarallax-no wpr-parallax-no wpr-sticky-section-no wpr-equal-height-no\" data-id=\"e4663ae\" data-element_type=\"section\" data-e-type=\"section\" data-settings=\"{&quot;_ha_eqh_enable&quot;:false}\">\n\t\t\t\t\t\t<div class=\"elementor-container elementor-column-gap-default\">\n\t\t\t\t\t<div class=\"elementor-column elementor-col-100 elementor-top-column elementor-element elementor-element-28a2dbb\" data-id=\"28a2dbb\" data-element_type=\"column\" data-e-type=\"column\">\n\t\t\t<div class=\"elementor-widget-wrap elementor-element-populated\">\n\t\t\t\t\t\t<div class=\"elementor-element elementor-element-27fa126 elementor-widget elementor-widget-heading\" data-id=\"27fa126\" data-element_type=\"widget\" data-e-type=\"widget\" data-widget_type=\"heading.default\">\n\t\t\t\t<div class=\"elementor-widget-container\">\n\t\t\t\t\t<h2 class=\"elementor-heading-title elementor-size-default\">Comitato Promotore Campagna Riprendiamoci il Comune<\/h2>\t\t\t\t<\/div>\n\t\t\t\t<\/div>\n\t\t\t\t\t<\/div>\n\t\t<\/div>\n\t\t\t\t\t<\/div>\n\t\t<\/section>\n\t\t\t\t<section class=\"elementor-section elementor-top-section elementor-element elementor-element-ff34d23 elementor-section-boxed elementor-section-height-default elementor-section-height-default wpr-particle-no wpr-jarallax-no wpr-parallax-no wpr-sticky-section-no wpr-equal-height-no\" data-id=\"ff34d23\" data-element_type=\"section\" data-e-type=\"section\" data-settings=\"{&quot;_ha_eqh_enable&quot;:false}\">\n\t\t\t\t\t\t<div class=\"elementor-container elementor-column-gap-default\">\n\t\t\t\t\t<div class=\"elementor-column elementor-col-100 elementor-top-column elementor-element elementor-element-7dddb69\" data-id=\"7dddb69\" data-element_type=\"column\" data-e-type=\"column\">\n\t\t\t<div class=\"elementor-widget-wrap elementor-element-populated\">\n\t\t\t\t\t\t<div class=\"elementor-element elementor-element-2441b1c elementor-widget elementor-widget-heading\" data-id=\"2441b1c\" data-element_type=\"widget\" data-e-type=\"widget\" data-widget_type=\"heading.default\">\n\t\t\t\t<div class=\"elementor-widget-container\">\n\t\t\t\t\t<h1 class=\"elementor-heading-title elementor-size-default\">Reti e realt\u00e0 nazionali o regionali<\/h1>\t\t\t\t<\/div>\n\t\t\t\t<\/div>\n\t\t\t\t<div class=\"elementor-element elementor-element-79edb58 elementor-widget elementor-widget-text-editor\" data-id=\"79edb58\" data-element_type=\"widget\" data-e-type=\"widget\" data-widget_type=\"text-editor.default\">\n\t\t\t\t<div class=\"elementor-widget-container\">\n\t\t\t\t\t\t\t\t\t<ul><li>Acli \u00a0\u00a0<a href=\"https:\/\/www.acli.it\/\"><strong>https:\/\/www.acli.it\/<\/strong><\/a><\/li><li>Altreconomia \u00a0\u00a0<a href=\"https:\/\/altreconomia.it\/\"><strong>https:\/\/altreconomia.it\/<\/strong><\/a><\/li><li>Arci \u00a0\u00a0<strong><a href=\"https:\/\/www.arci.it\/\">https:\/\/www.arci.it\/<\/a><\/strong><\/li><li>Associazione Comuni Virtuosi \u00a0\u00a0<a href=\"https:\/\/comunivirtuosi.org\/\"><strong>https:\/\/comunivirtuosi.org\/<\/strong><\/a><\/li><li>Associazione Culturale Punto Rosso\u00a0<strong><a href=\"http:\/\/www.puntorosso.it\/\" target=\"_blank\" rel=\"noopener\">http:\/\/www.puntorosso.it\/<\/a><\/strong><\/li><li>Associazione Laudato S\u00ec \u00a0\u00a0\u00a0<a href=\"https:\/\/www.laudatosi-alleanza-clima-terra-giustizia-sociale.it\/\"><strong>https:\/\/www.laudatosi-alleanza-clima-terra-giustizia-sociale.it\/<\/strong><\/a><\/li><li>Associazione Medici per l&#8217;Ambiente ISDE Italia <strong><a href=\"https:\/\/www.isde.it\/\">https:\/\/www.isde.it\/<\/a><\/strong><\/li><li>Associazione per la Decrescita \u00a0\u00a0<a href=\"https:\/\/www.decrescita.it\/\"><strong>https:\/\/www.decrescita.it\/<\/strong><\/a><\/li><li>Associazione Rurale Italiana \u00a0\u00a0<a href=\"https:\/\/www.assorurale.it\/\"><strong>https:\/\/www.assorurale.it\/<\/strong><\/a><\/li><li>Attac Italia \u00a0\u00a0<a href=\"https:\/\/www.attac-italia.org\/\"><strong>https:\/\/www.attac-italia.org\/<\/strong><\/a><\/li><li>Cadtm Italia \u00a0\u00a0<a href=\"http:\/\/italia.cadtm.org\/\"><strong>http:\/\/italia.cadtm.org\/<\/strong><\/a><\/li><li>Cittadinanzattiva \u00a0\u00a0<a href=\"https:\/\/www.cittadinanzattiva.it\/\"><strong>https:\/\/www.cittadinanzattiva.it\/<\/strong><\/a><\/li><li>Comune.info \u00a0\u00a0<a href=\"https:\/\/comune-info.net\/\"><strong>https:\/\/comune-info.net\/<\/strong><\/a><\/li><li>Cooperativa Mag2 Finance Milano<b><a class=\"moz-txt-link-freetext\" href=\"https:\/\/www.mag2.it\/\">https:\/\/www.mag2.it\/<\/a><\/b><\/li><li>Diem25\u00a0<strong> <a class=\"moz-txt-link-freetext\" href=\"https:\/\/diem25.org\/it\/\">https:\/\/diem25.org\/it\/<\/a><\/strong><\/li><li>Ecoistituto del Veneto \u201cAlex \u00a0Langer\u201d \u00a0\u00a0<a href=\"https:\/\/www.ecoistituto-italia.org\/\"><strong>https:\/\/www.ecoistituto-italia.org\/<\/strong><\/a><\/li><li>Forum italiano dei movimenti per l\u2019acqua \u00a0\u00a0<a href=\"https:\/\/www.acquabenecomune.org\/\"><strong>https:\/\/www.acquabenecomune.org\/<\/strong><\/a><\/li><li>Forum Nazionale Salviamo il Paesaggio \u00a0\u00a0<a href=\"http:\/\/www.salviamoilpaesaggio.it\/blog\/\"><strong>http:\/\/www.salviamoilpaesaggio.it\/blog\/<\/strong><\/a><\/li><li>Forum Per il Diritto alla Salute \u00a0\u00a0<a href=\"https:\/\/it-it.facebook.com\/ForumDIRITTOallaSALUTE\/\"><strong>https:\/\/it-it.facebook.com\/ForumDIRITTOallaSALUTE\/<\/strong><\/a><\/li><li>Fridays For Future \u00a0\u00a0<a href=\"https:\/\/fridaysforfutureitalia.it\/\"><strong>https:\/\/fridaysforfutureitalia.it\/<\/strong><\/a><\/li><li>Fuorimercato autogestione in movimento \u00a0\u00a0<a href=\"https:\/\/www.fuorimercato.com\/\"><strong>https:\/\/www.fuorimercato.com\/<\/strong><\/a><\/li><li>Iniziativa Femminista Europea Italia \u00a0\u00a0<a href=\"https:\/\/www.facebook.com\/groups\/65236305529\/\"><strong>https:\/\/www.facebook.com\/groups\/65236305529\/<\/strong><\/a><\/li><li>Mag4 Piemonte \u00a0<a href=\"https:\/\/www.mag4.it\/\"><strong>https:\/\/www.mag4.it\/<\/strong><\/a><\/li><li>Medicina Democratica \u00a0<a href=\"https:\/\/www.medicinademocratica.org\/wp\/\">\u00a0<strong>https:\/\/www.medicinademocratica.org\/wp\/<\/strong><\/a><\/li><li>Movimento Dipende da Noi Marche \u00a0\u00a0<a href=\"https:\/\/www.dipendedanoi.it\/\"><strong>https:\/\/www.dipendedanoi.it\/<\/strong><\/a><\/li><li>Parents for future Italia\u00a0 <strong><a class=\"moz-txt-link-freetext\" href=\"https:\/\/www.parentsforfutureitalia.it\/\">https:\/\/www.parentsforfutureitalia.it\/<\/a><\/strong><\/li><li>Pastorale Sociale e del Lavoro \u00a0\u00a0<a href=\"http:\/\/www.pastoralesociale.diocesidiroma.it\/\"><strong>http:\/\/www.pastoralesociale.diocesidiroma.it\/<\/strong><\/a><\/li><li>Popoff Quotidiano \u00a0\u00a0<a href=\"https:\/\/www.popoffquotidiano.it\/\"><strong>https:\/\/www.popoffquotidiano.it\/<\/strong><\/a><\/li><li>Rete Emergenza Climatica e Ambientale Emilia Romagna \u00a0\u00a0<a href=\"https:\/\/pattoperilclimaeperillavoro.it\"><strong>https:\/\/pattoperilclimaeperillavoro.it<\/strong><\/a><\/li><li>Rete delle Citt\u00e0 in Comune \u00a0\u00a0<a href=\"http:\/\/www.lecittaincomune.it\/\"><strong>http:\/\/www.lecittaincomune.it\/<\/strong><\/a><\/li><li>Rete delle Comunit\u00e0 Solidali \u00a0\u00a0<a href=\"https:\/\/comunitasolidali.org\/\"><strong>https:\/\/comunitasolidali.org\/<\/strong><\/a><\/li><li>Rete Italiana Economia Solidale \u00a0\u00a0<a href=\"https:\/\/rete-ries.it\/\"><strong>https:\/\/rete-ries.it\/<\/strong><\/a><\/li><li>Rete nazionale beni comuni emergenti e a uso civico \u00a0\u00a0<a href=\"https:\/\/www.retebenicomuni.it\/\"><strong>https:\/\/www.retebenicomuni.it\/<\/strong><\/a><\/li><li>Sostenibilit\u00e0 Equit\u00e0 Solidariet\u00e0 \u00a0\u00a0<strong><a href=\"http:\/\/www.sostenibilitaequitasolidarieta.it\">www.sostenibilitaequitasolidarieta.it<\/a><\/strong><\/li><li>Tavolo Verde Puglia Basilicata e Sicilia \u00a0\u00a0<a href=\"https:\/\/m.facebook.com\/people\/Tavolo-Verde-Puglia-e-Basilicata\/100029087180062\/\"><strong>https:\/\/m.facebook.com\/people\/Tavolo-Verde-Puglia-e-Basilicata\/100029087180062\/<\/strong><\/a><\/li><li>Unione Inquilini \u00a0\u00a0<a href=\"http:\/\/www.unioneinquilini.it\/\"><strong>http:\/\/www.unioneinquilini.it\/<\/strong><\/a><\/li><li>Usicons \u00a0\u00a0<a href=\"https:\/\/www.unionesindacaleitaliana.eu\/\"><strong>https:\/\/www.unionesindacaleitaliana.eu\/<\/strong><\/a><\/li><li>Valori \u00a0\u00a0<a href=\"https:\/\/valori.it\/\"><strong>https:\/\/valori.it\/<\/strong><\/a><\/li><li>Yaku \u00a0<a href=\"https:\/\/www.yaku.eu\/\">\u00a0<strong>https:\/\/www.yaku.eu\/<\/strong><\/a><\/li><li>Zero Waste Italy\u00a0\u00a0 <a href=\"http:\/\/www.zerowasteitaly.org\/\"><strong>http:\/\/www.zerowasteitaly.org\/<\/strong><\/a><\/li><\/ul>\t\t\t\t\t\t\t\t<\/div>\n\t\t\t\t<\/div>\n\t\t\t\t\t<\/div>\n\t\t<\/div>\n\t\t\t\t\t<\/div>\n\t\t<\/section>\n\t\t\t\t<\/div>\n\t\t","protected":false},"excerpt":{"rendered":"<p>Comitato Promotore Campagna Riprendiamoci il Comune Reti e realt\u00e0 nazionali o regionali Acli \u00a0\u00a0https:\/\/www.acli.it\/ Altreconomia \u00a0\u00a0https:\/\/altreconomia.it\/ Arci \u00a0\u00a0https:\/\/www.arci.it\/ Associazione Comuni Virtuosi \u00a0\u00a0https:\/\/comunivirtuosi.org\/ Associazione Culturale Punto Rosso\u00a0http:\/\/www.puntorosso.it\/ Associazione Laudato S\u00ec \u00a0\u00a0\u00a0https:\/\/www.laudatosi-alleanza-clima-terra-giustizia-sociale.it\/ Associazione Medici per l&#8217;Ambiente ISDE Italia https:\/\/www.isde.it\/ Associazione per la Decrescita \u00a0\u00a0https:\/\/www.decrescita.it\/ Associazione Rurale Italiana \u00a0\u00a0https:\/\/www.assorurale.it\/ Attac Italia \u00a0\u00a0https:\/\/www.attac-italia.org\/ Cadtm Italia \u00a0\u00a0http:\/\/italia.cadtm.org\/ Cittadinanzattiva \u00a0\u00a0https:\/\/www.cittadinanzattiva.it\/ Comune.info \u00a0\u00a0https:\/\/comune-info.net\/ Cooperativa Mag2 Finance Milanohttps:\/\/www.mag2.it\/ Diem25\u00a0 https:\/\/diem25.org\/it\/ Ecoistituto del Veneto \u201cAlex \u00a0Langer\u201d \u00a0\u00a0https:\/\/www.ecoistituto-italia.org\/ Forum italiano dei movimenti per l\u2019acqua \u00a0\u00a0https:\/\/www.acquabenecomune.org\/ Forum Nazionale Salviamo il Paesaggio \u00a0\u00a0http:\/\/www.salviamoilpaesaggio.it\/blog\/ Forum Per il Diritto alla Salute \u00a0\u00a0https:\/\/it-it.facebook.com\/ForumDIRITTOallaSALUTE\/ Fridays For Future \u00a0\u00a0https:\/\/fridaysforfutureitalia.it\/ Fuorimercato autogestione in movimento \u00a0\u00a0https:\/\/www.fuorimercato.com\/ Iniziativa Femminista Europea Italia \u00a0\u00a0https:\/\/www.facebook.com\/groups\/65236305529\/ Mag4 Piemonte \u00a0https:\/\/www.mag4.it\/ Medicina Democratica \u00a0\u00a0https:\/\/www.medicinademocratica.org\/wp\/ Movimento Dipende da Noi Marche \u00a0\u00a0https:\/\/www.dipendedanoi.it\/ Parents for future Italia\u00a0 https:\/\/www.parentsforfutureitalia.it\/ Pastorale Sociale e del Lavoro \u00a0\u00a0http:\/\/www.pastoralesociale.diocesidiroma.it\/ Popoff Quotidiano \u00a0\u00a0https:\/\/www.popoffquotidiano.it\/ Rete Emergenza Climatica e Ambientale Emilia Romagna \u00a0\u00a0https:\/\/pattoperilclimaeperillavoro.it Rete delle Citt\u00e0 in Comune \u00a0\u00a0http:\/\/www.lecittaincomune.it\/ Rete delle Comunit\u00e0 Solidali \u00a0\u00a0https:\/\/comunitasolidali.org\/ Rete Italiana Economia Solidale \u00a0\u00a0https:\/\/rete-ries.it\/ Rete nazionale beni comuni emergenti e a uso civico \u00a0\u00a0https:\/\/www.retebenicomuni.it\/ Sostenibilit\u00e0 Equit\u00e0 Solidariet\u00e0 \u00a0\u00a0www.sostenibilitaequitasolidarieta.it Tavolo Verde Puglia Basilicata e Sicilia \u00a0\u00a0https:\/\/m.facebook.com\/people\/Tavolo-Verde-Puglia-e-Basilicata\/100029087180062\/ Unione Inquilini \u00a0\u00a0http:\/\/www.unioneinquilini.it\/ Usicons \u00a0\u00a0https:\/\/www.unionesindacaleitaliana.eu\/ Valori \u00a0\u00a0https:\/\/valori.it\/ Yaku \u00a0\u00a0https:\/\/www.yaku.eu\/ Zero Waste Italy\u00a0\u00a0 http:\/\/www.zerowasteitaly.org\/<\/p>\n","protected":false},"author":2,"featured_media":0,"parent":0,"menu_order":0,"comment_status":"closed","ping_status":"closed","template":"elementor_header_footer","meta":{"footnotes":""},"class_list":["post-447","page","type-page","status-publish","hentry"],"yoast_head":"<!-- This site is optimized with the Yoast SEO plugin v27.5 - https:\/\/yoast.com\/product\/yoast-seo-wordpress\/ -->\n<title>reti e realt\u00e0 nazionali o regionali - Riprendiamoci il Comune<\/title>\n<meta name=\"robots\" content=\"index, follow, max-snippet:-1, max-image-preview:large, max-video-preview:-1\" \/>\n<link rel=\"canonical\" href=\"https:\/\/riprendiamociilcomune.it\/index.php\/reti-e-realta-nazionali-o-regionali\/\" \/>\n<meta property=\"og:locale\" content=\"it_IT\" \/>\n<meta property=\"og:type\" content=\"article\" \/>\n<meta property=\"og:title\" content=\"reti e realt\u00e0 nazionali o regionali - Riprendiamoci il Comune\" \/>\n<meta property=\"og:description\" content=\"Comitato Promotore Campagna Riprendiamoci il Comune Reti e realt\u00e0 nazionali o regionali Acli \u00a0\u00a0https:\/\/www.acli.it\/ Altreconomia \u00a0\u00a0https:\/\/altreconomia.it\/ Arci \u00a0\u00a0https:\/\/www.arci.it\/ Associazione Comuni Virtuosi \u00a0\u00a0https:\/\/comunivirtuosi.org\/ Associazione Culturale Punto Rosso\u00a0http:\/\/www.puntorosso.it\/ Associazione Laudato S\u00ec \u00a0\u00a0\u00a0https:\/\/www.laudatosi-alleanza-clima-terra-giustizia-sociale.it\/ Associazione Medici per l&#8217;Ambiente ISDE Italia https:\/\/www.isde.it\/ Associazione per la Decrescita \u00a0\u00a0https:\/\/www.decrescita.it\/ Associazione Rurale Italiana \u00a0\u00a0https:\/\/www.assorurale.it\/ Attac Italia \u00a0\u00a0https:\/\/www.attac-italia.org\/ Cadtm Italia \u00a0\u00a0http:\/\/italia.cadtm.org\/ Cittadinanzattiva \u00a0\u00a0https:\/\/www.cittadinanzattiva.it\/ Comune.info \u00a0\u00a0https:\/\/comune-info.net\/ Cooperativa Mag2 Finance Milanohttps:\/\/www.mag2.it\/ Diem25\u00a0 https:\/\/diem25.org\/it\/ Ecoistituto del Veneto \u201cAlex \u00a0Langer\u201d \u00a0\u00a0https:\/\/www.ecoistituto-italia.org\/ Forum italiano dei movimenti per l\u2019acqua \u00a0\u00a0https:\/\/www.acquabenecomune.org\/ Forum Nazionale Salviamo il Paesaggio \u00a0\u00a0http:\/\/www.salviamoilpaesaggio.it\/blog\/ Forum Per il Diritto alla Salute \u00a0\u00a0https:\/\/it-it.facebook.com\/ForumDIRITTOallaSALUTE\/ Fridays For Future \u00a0\u00a0https:\/\/fridaysforfutureitalia.it\/ Fuorimercato autogestione in movimento \u00a0\u00a0https:\/\/www.fuorimercato.com\/ Iniziativa Femminista Europea Italia \u00a0\u00a0https:\/\/www.facebook.com\/groups\/65236305529\/ Mag4 Piemonte \u00a0https:\/\/www.mag4.it\/ Medicina Democratica \u00a0\u00a0https:\/\/www.medicinademocratica.org\/wp\/ Movimento Dipende da Noi Marche \u00a0\u00a0https:\/\/www.dipendedanoi.it\/ Parents for future Italia\u00a0 https:\/\/www.parentsforfutureitalia.it\/ Pastorale Sociale e del Lavoro \u00a0\u00a0http:\/\/www.pastoralesociale.diocesidiroma.it\/ Popoff Quotidiano \u00a0\u00a0https:\/\/www.popoffquotidiano.it\/ Rete Emergenza Climatica e Ambientale Emilia Romagna \u00a0\u00a0https:\/\/pattoperilclimaeperillavoro.it Rete delle Citt\u00e0 in Comune \u00a0\u00a0http:\/\/www.lecittaincomune.it\/ Rete delle Comunit\u00e0 Solidali \u00a0\u00a0https:\/\/comunitasolidali.org\/ Rete Italiana Economia Solidale \u00a0\u00a0https:\/\/rete-ries.it\/ Rete nazionale beni comuni emergenti e a uso civico \u00a0\u00a0https:\/\/www.retebenicomuni.it\/ Sostenibilit\u00e0 Equit\u00e0 Solidariet\u00e0 \u00a0\u00a0www.sostenibilitaequitasolidarieta.it Tavolo Verde Puglia Basilicata e Sicilia \u00a0\u00a0https:\/\/m.facebook.com\/people\/Tavolo-Verde-Puglia-e-Basilicata\/100029087180062\/ Unione Inquilini \u00a0\u00a0http:\/\/www.unioneinquilini.it\/ Usicons \u00a0\u00a0https:\/\/www.unionesindacaleitaliana.eu\/ Valori \u00a0\u00a0https:\/\/valori.it\/ Yaku \u00a0\u00a0https:\/\/www.yaku.eu\/ Zero Waste Italy\u00a0\u00a0 http:\/\/www.zerowasteitaly.org\/\" \/>\n<meta property=\"og:url\" content=\"https:\/\/riprendiamociilcomune.it\/index.php\/reti-e-realta-nazionali-o-regionali\/\" \/>\n<meta property=\"og:site_name\" content=\"Riprendiamoci il Comune\" \/>\n<meta property=\"article:modified_time\" content=\"2023-04-03T14:43:16+00:00\" \/>\n<meta name=\"twitter:card\" content=\"summary_large_image\" \/>\n<meta name=\"twitter:label1\" content=\"Tempo di lettura stimato\" \/>\n\t<meta name=\"twitter:data1\" content=\"1 minuto\" \/>\n<script type=\"application\/ld+json\" class=\"yoast-schema-graph\">{\"@context\":\"https:\\\/\\\/schema.org\",\"@graph\":[{\"@type\":\"WebPage\",\"@id\":\"https:\\\/\\\/riprendiamociilcomune.it\\\/index.php\\\/reti-e-realta-nazionali-o-regionali\\\/\",\"url\":\"https:\\\/\\\/riprendiamociilcomune.it\\\/index.php\\\/reti-e-realta-nazionali-o-regionali\\\/\",\"name\":\"reti e realt\u00e0 nazionali o regionali - Riprendiamoci il Comune\",\"isPartOf\":{\"@id\":\"https:\\\/\\\/riprendiamociilcomune.it\\\/#website\"},\"datePublished\":\"2023-01-03T13:45:53+00:00\",\"dateModified\":\"2023-04-03T14:43:16+00:00\",\"breadcrumb\":{\"@id\":\"https:\\\/\\\/riprendiamociilcomune.it\\\/index.php\\\/reti-e-realta-nazionali-o-regionali\\\/#breadcrumb\"},\"inLanguage\":\"it-IT\",\"potentialAction\":[{\"@type\":\"ReadAction\",\"target\":[\"https:\\\/\\\/riprendiamociilcomune.it\\\/index.php\\\/reti-e-realta-nazionali-o-regionali\\\/\"]}]},{\"@type\":\"BreadcrumbList\",\"@id\":\"https:\\\/\\\/riprendiamociilcomune.it\\\/index.php\\\/reti-e-realta-nazionali-o-regionali\\\/#breadcrumb\",\"itemListElement\":[{\"@type\":\"ListItem\",\"position\":1,\"name\":\"Home\",\"item\":\"https:\\\/\\\/riprendiamociilcomune.it\\\/\"},{\"@type\":\"ListItem\",\"position\":2,\"name\":\"reti e realt\u00e0 nazionali o regionali\"}]},{\"@type\":\"WebSite\",\"@id\":\"https:\\\/\\\/riprendiamociilcomune.it\\\/#website\",\"url\":\"https:\\\/\\\/riprendiamociilcomune.it\\\/\",\"name\":\"Riprendiamoci il Comune\",\"description\":\"Perch\u00e9 una campagna e due leggi d\u2019iniziativa popolare\",\"publisher\":{\"@id\":\"https:\\\/\\\/riprendiamociilcomune.it\\\/#organization\"},\"potentialAction\":[{\"@type\":\"SearchAction\",\"target\":{\"@type\":\"EntryPoint\",\"urlTemplate\":\"https:\\\/\\\/riprendiamociilcomune.it\\\/?s={search_term_string}\"},\"query-input\":{\"@type\":\"PropertyValueSpecification\",\"valueRequired\":true,\"valueName\":\"search_term_string\"}}],\"inLanguage\":\"it-IT\"},{\"@type\":\"Organization\",\"@id\":\"https:\\\/\\\/riprendiamociilcomune.it\\\/#organization\",\"name\":\"Riprendiamoci il Comune\",\"url\":\"https:\\\/\\\/riprendiamociilcomune.it\\\/\",\"logo\":{\"@type\":\"ImageObject\",\"inLanguage\":\"it-IT\",\"@id\":\"https:\\\/\\\/riprendiamociilcomune.it\\\/#\\\/schema\\\/logo\\\/image\\\/\",\"url\":\"https:\\\/\\\/riprendiamociilcomune.it\\\/wp-content\\\/uploads\\\/2022\\\/12\\\/cropped-nuovo-logo_luisa-mortola-.jpg\",\"contentUrl\":\"https:\\\/\\\/riprendiamociilcomune.it\\\/wp-content\\\/uploads\\\/2022\\\/12\\\/cropped-nuovo-logo_luisa-mortola-.jpg\",\"width\":604,\"height\":402,\"caption\":\"Riprendiamoci il Comune\"},\"image\":{\"@id\":\"https:\\\/\\\/riprendiamociilcomune.it\\\/#\\\/schema\\\/logo\\\/image\\\/\"}}]}<\/script>\n<!-- \/ Yoast SEO plugin. -->","yoast_head_json":{"title":"reti e realt\u00e0 nazionali o regionali - Riprendiamoci il Comune","robots":{"index":"index","follow":"follow","max-snippet":"max-snippet:-1","max-image-preview":"max-image-preview:large","max-video-preview":"max-video-preview:-1"},"canonical":"https:\/\/riprendiamociilcomune.it\/index.php\/reti-e-realta-nazionali-o-regionali\/","og_locale":"it_IT","og_type":"article","og_title":"reti e realt\u00e0 nazionali o regionali - Riprendiamoci il Comune","og_description":"Comitato Promotore Campagna Riprendiamoci il Comune Reti e realt\u00e0 nazionali o regionali Acli \u00a0\u00a0https:\/\/www.acli.it\/ Altreconomia \u00a0\u00a0https:\/\/altreconomia.it\/ Arci \u00a0\u00a0https:\/\/www.arci.it\/ Associazione Comuni Virtuosi \u00a0\u00a0https:\/\/comunivirtuosi.org\/ Associazione Culturale Punto Rosso\u00a0http:\/\/www.puntorosso.it\/ Associazione Laudato S\u00ec \u00a0\u00a0\u00a0https:\/\/www.laudatosi-alleanza-clima-terra-giustizia-sociale.it\/ Associazione Medici per l&#8217;Ambiente ISDE Italia https:\/\/www.isde.it\/ Associazione per la Decrescita \u00a0\u00a0https:\/\/www.decrescita.it\/ Associazione Rurale Italiana \u00a0\u00a0https:\/\/www.assorurale.it\/ Attac Italia \u00a0\u00a0https:\/\/www.attac-italia.org\/ Cadtm Italia \u00a0\u00a0http:\/\/italia.cadtm.org\/ Cittadinanzattiva \u00a0\u00a0https:\/\/www.cittadinanzattiva.it\/ Comune.info \u00a0\u00a0https:\/\/comune-info.net\/ Cooperativa Mag2 Finance Milanohttps:\/\/www.mag2.it\/ Diem25\u00a0 https:\/\/diem25.org\/it\/ Ecoistituto del Veneto \u201cAlex \u00a0Langer\u201d \u00a0\u00a0https:\/\/www.ecoistituto-italia.org\/ Forum italiano dei movimenti per l\u2019acqua \u00a0\u00a0https:\/\/www.acquabenecomune.org\/ Forum Nazionale Salviamo il Paesaggio \u00a0\u00a0http:\/\/www.salviamoilpaesaggio.it\/blog\/ Forum Per il Diritto alla Salute \u00a0\u00a0https:\/\/it-it.facebook.com\/ForumDIRITTOallaSALUTE\/ Fridays For Future \u00a0\u00a0https:\/\/fridaysforfutureitalia.it\/ Fuorimercato autogestione in movimento \u00a0\u00a0https:\/\/www.fuorimercato.com\/ Iniziativa Femminista Europea Italia \u00a0\u00a0https:\/\/www.facebook.com\/groups\/65236305529\/ Mag4 Piemonte \u00a0https:\/\/www.mag4.it\/ Medicina Democratica \u00a0\u00a0https:\/\/www.medicinademocratica.org\/wp\/ Movimento Dipende da Noi Marche \u00a0\u00a0https:\/\/www.dipendedanoi.it\/ Parents for future Italia\u00a0 https:\/\/www.parentsforfutureitalia.it\/ Pastorale Sociale e del Lavoro \u00a0\u00a0http:\/\/www.pastoralesociale.diocesidiroma.it\/ Popoff Quotidiano \u00a0\u00a0https:\/\/www.popoffquotidiano.it\/ Rete Emergenza Climatica e Ambientale Emilia Romagna \u00a0\u00a0https:\/\/pattoperilclimaeperillavoro.it Rete delle Citt\u00e0 in Comune \u00a0\u00a0http:\/\/www.lecittaincomune.it\/ Rete delle Comunit\u00e0 Solidali \u00a0\u00a0https:\/\/comunitasolidali.org\/ Rete Italiana Economia Solidale \u00a0\u00a0https:\/\/rete-ries.it\/ Rete nazionale beni comuni emergenti e a uso civico \u00a0\u00a0https:\/\/www.retebenicomuni.it\/ Sostenibilit\u00e0 Equit\u00e0 Solidariet\u00e0 \u00a0\u00a0www.sostenibilitaequitasolidarieta.it Tavolo Verde Puglia Basilicata e Sicilia \u00a0\u00a0https:\/\/m.facebook.com\/people\/Tavolo-Verde-Puglia-e-Basilicata\/100029087180062\/ Unione Inquilini \u00a0\u00a0http:\/\/www.unioneinquilini.it\/ Usicons \u00a0\u00a0https:\/\/www.unionesindacaleitaliana.eu\/ Valori \u00a0\u00a0https:\/\/valori.it\/ Yaku \u00a0\u00a0https:\/\/www.yaku.eu\/ Zero Waste Italy\u00a0\u00a0 http:\/\/www.zerowasteitaly.org\/","og_url":"https:\/\/riprendiamociilcomune.it\/index.php\/reti-e-realta-nazionali-o-regionali\/","og_site_name":"Riprendiamoci il Comune","article_modified_time":"2023-04-03T14:43:16+00:00","twitter_card":"summary_large_image","twitter_misc":{"Tempo di lettura stimato":"1 minuto"},"schema":{"@context":"https:\/\/schema.org","@graph":[{"@type":"WebPage","@id":"https:\/\/riprendiamociilcomune.it\/index.php\/reti-e-realta-nazionali-o-regionali\/","url":"https:\/\/riprendiamociilcomune.it\/index.php\/reti-e-realta-nazionali-o-regionali\/","name":"reti e realt\u00e0 nazionali o regionali - Riprendiamoci il Comune","isPartOf":{"@id":"https:\/\/riprendiamociilcomune.it\/#website"},"datePublished":"2023-01-03T13:45:53+00:00","dateModified":"2023-04-03T14:43:16+00:00","breadcrumb":{"@id":"https:\/\/riprendiamociilcomune.it\/index.php\/reti-e-realta-nazionali-o-regionali\/#breadcrumb"},"inLanguage":"it-IT","potentialAction":[{"@type":"ReadAction","target":["https:\/\/riprendiamociilcomune.it\/index.php\/reti-e-realta-nazionali-o-regionali\/"]}]},{"@type":"BreadcrumbList","@id":"https:\/\/riprendiamociilcomune.it\/index.php\/reti-e-realta-nazionali-o-regionali\/#breadcrumb","itemListElement":[{"@type":"ListItem","position":1,"name":"Home","item":"https:\/\/riprendiamociilcomune.it\/"},{"@type":"ListItem","position":2,"name":"reti e realt\u00e0 nazionali o regionali"}]},{"@type":"WebSite","@id":"https:\/\/riprendiamociilcomune.it\/#website","url":"https:\/\/riprendiamociilcomune.it\/","name":"Riprendiamoci il Comune","description":"Perch\u00e9 una campagna e due leggi d\u2019iniziativa popolare","publisher":{"@id":"https:\/\/riprendiamociilcomune.it\/#organization"},"potentialAction":[{"@type":"SearchAction","target":{"@type":"EntryPoint","urlTemplate":"https:\/\/riprendiamociilcomune.it\/?s={search_term_string}"},"query-input":{"@type":"PropertyValueSpecification","valueRequired":true,"valueName":"search_term_string"}}],"inLanguage":"it-IT"},{"@type":"Organization","@id":"https:\/\/riprendiamociilcomune.it\/#organization","name":"Riprendiamoci il Comune","url":"https:\/\/riprendiamociilcomune.it\/","logo":{"@type":"ImageObject","inLanguage":"it-IT","@id":"https:\/\/riprendiamociilcomune.it\/#\/schema\/logo\/image\/","url":"https:\/\/riprendiamociilcomune.it\/wp-content\/uploads\/2022\/12\/cropped-nuovo-logo_luisa-mortola-.jpg","contentUrl":"https:\/\/riprendiamociilcomune.it\/wp-content\/uploads\/2022\/12\/cropped-nuovo-logo_luisa-mortola-.jpg","width":604,"height":402,"caption":"Riprendiamoci il Comune"},"image":{"@id":"https:\/\/riprendiamociilcomune.it\/#\/schema\/logo\/image\/"}}]}},"_links":{"self":[{"href":"https:\/\/riprendiamociilcomune.it\/index.php\/wp-json\/wp\/v2\/pages\/447","targetHints":{"allow":["GET"]}}],"collection":[{"href":"https:\/\/riprendiamociilcomune.it\/index.php\/wp-json\/wp\/v2\/pages"}],"about":[{"href":"https:\/\/riprendiamociilcomune.it\/index.php\/wp-json\/wp\/v2\/types\/page"}],"author":[{"embeddable":true,"href":"https:\/\/riprendiamociilcomune.it\/index.php\/wp-json\/wp\/v2\/users\/2"}],"replies":[{"embeddable":true,"href":"https:\/\/riprendiamociilcomune.it\/index.php\/wp-json\/wp\/v2\/comments?post=447"}],"version-history":[{"count":56,"href":"https:\/\/riprendiamociilcomune.it\/index.php\/wp-json\/wp\/v2\/pages\/447\/revisions"}],"predecessor-version":[{"id":807,"href":"https:\/\/riprendiamociilcomune.it\/index.php\/wp-json\/wp\/v2\/pages\/447\/revisions\/807"}],"wp:attachment":[{"href":"https:\/\/riprendiamociilcomune.it\/index.php\/wp-json\/wp\/v2\/media?parent=447"}],"curies":[{"name":"wp","href":"https:\/\/api.w.org\/{rel}","templated":true}]}}